{"id":9,"date":"2011-12-03T21:11:31","date_gmt":"2011-12-03T21:11:31","guid":{"rendered":"http:\/\/zelle.machtigall.de\/?page_id=9"},"modified":"2015-10-14T12:05:48","modified_gmt":"2015-10-14T12:05:48","slug":"kontakt","status":"publish","type":"page","link":"https:\/\/inizelle.de\/?page_id=9","title":{"rendered":"Kontakt"},"content":{"rendered":"<p>Hast du Interesse bei der Initiative Zelle mitzumachen? Dann schreib doch eine Email und wir informieren Dich z.B. \u00fcber den n\u00e4chsten Infoabend.<\/p>\n<p>Initiative Zelle<br \/>\nKatholische Hochschulgemeinde<br \/>\nHofstallstra\u00dfe 4<br \/>\n97070 W\u00fcrzburg<br \/>\nTelefon: 0931\/354530<br \/>\nEmail: inizelle@web.de<\/p>\n","protected":false},"excerpt":{"rendered":"<p>Hast du Interesse bei der Initiative Zelle mitzumachen? Dann schreib doch eine Email und wir informieren Dich z.B. \u00fcber den n\u00e4chsten Infoabend. Initiative Zelle Katholische Hochschulgemeinde Hofstallstra\u00dfe 4 97070 W\u00fcrzburg Telefon: 0931\/354530 Email: inizelle@web.de<\/p>\n","protected":false},"author":176,"featured_media":0,"parent":0,"menu_order":0,"comment_status":"closed","ping_status":"closed","template":"","meta":{"_s2mail":"yes","footnotes":""},"class_list":["post-9","page","type-page","status-publish","hentry"],"_links":{"self":[{"href":"https:\/\/inizelle.de\/index.php?rest_route=\/wp\/v2\/pages\/9","targetHints":{"allow":["GET"]}}],"collection":[{"href":"https:\/\/inizelle.de\/index.php?rest_route=\/wp\/v2\/pages"}],"about":[{"href":"https:\/\/inizelle.de\/index.php?rest_route=\/wp\/v2\/types\/page"}],"author":[{"embeddable":true,"href":"https:\/\/inizelle.de\/index.php?rest_route=\/wp\/v2\/users\/176"}],"replies":[{"embeddable":true,"href":"https:\/\/inizelle.de\/index.php?rest_route=%2Fwp%2Fv2%2Fcomments&post=9"}],"version-history":[{"count":4,"href":"https:\/\/inizelle.de\/index.php?rest_route=\/wp\/v2\/pages\/9\/revisions"}],"predecessor-version":[{"id":877,"href":"https:\/\/inizelle.de\/index.php?rest_route=\/wp\/v2\/pages\/9\/revisions\/877"}],"wp:attachment":[{"href":"https:\/\/inizelle.de\/index.php?rest_route=%2Fwp%2Fv2%2Fmedia&parent=9"}],"curies":[{"name":"wp","href":"https:\/\/api.w.org\/{rel}","templated":true}]}}