{"id":7,"date":"2011-12-03T21:10:47","date_gmt":"2011-12-03T21:10:47","guid":{"rendered":"http:\/\/zelle.machtigall.de\/?page_id=7"},"modified":"2018-11-19T12:43:49","modified_gmt":"2018-11-19T10:43:49","slug":"was-machen-wir","status":"publish","type":"page","link":"https:\/\/inizelle.de\/?page_id=7","title":{"rendered":"Was machen wir?"},"content":{"rendered":"<p>Jeden Dienstag treffen wir uns von 18.30 \u2013 20.00 Uhr mit einer Gruppe von etwa 10 Strafh\u00e4ftlingen. In diesen Gruppenabenden versuchen wir ein wenig normalen Alltag ins Gef\u00e4ngnis zu bringen und eine zwanglose Atmosph\u00e4re zu schaffen, die ein gegenseitiges Kennenlernen erlaubt. Nat\u00fcrlich l\u00e4sst sich bei einer Tasse Kaffee auch manches Problem bereden.<\/p>\n<p>Bei der Gestaltung der Abende sind der Kreativit\u00e4t (fast) keine Grenzen gesetzt. Egal ob Gesellschaftsspiele, Kochen, Basteln, Filme, philosophische Fragestellungen oder Diskussionen zu aktuellen Themen &#8211; zusammen mit den H\u00e4ftlingen versuchen wir neue, abwechslungsreiche Thematiken und Projekte anzugehen.<\/p>\n<p>So begleiten wir die H\u00e4ftlinge \u00fcber das Jahr, wobei es durch Verlegungen und Entlassungen immer wieder zu personellen Ver\u00e4nderungen in der Gruppe kommt. Dadurch wird es nie langweilig oder eint\u00f6nig. Und wer hat schon einmal eine Weihnachtsfeier im Gef\u00e4ngnis miterlebt? Dar\u00fcber hinaus definieren wir uns auch als Gruppe. Das Kennenlernen und der Zusammenhalt der Gruppe werden durch Erlebnistage gef\u00f6rdert, au\u00dferdem werden auch externe Veranstaltungen und Fortbildungen angeboten, bei denen das Erlebte ausgetauscht und verarbeitet werden kann.<\/p>\n","protected":false},"excerpt":{"rendered":"<p>Jeden Dienstag treffen wir uns von 18.30 \u2013 20.00 Uhr mit einer Gruppe von etwa 10 Strafh\u00e4ftlingen. In diesen Gruppenabenden versuchen wir ein wenig normalen Alltag ins Gef\u00e4ngnis zu bringen und eine zwanglose Atmosph\u00e4re zu schaffen, die ein gegenseitiges Kennenlernen &hellip; <a href=\"https:\/\/inizelle.de\/?page_id=7\">Weiterlesen <span class=\"meta-nav\">&rarr;<\/span><\/a><\/p>\n","protected":false},"author":176,"featured_media":0,"parent":0,"menu_order":0,"comment_status":"closed","ping_status":"closed","template":"","meta":{"_s2mail":"yes","footnotes":""},"class_list":["post-7","page","type-page","status-publish","hentry"],"_links":{"self":[{"href":"https:\/\/inizelle.de\/index.php?rest_route=\/wp\/v2\/pages\/7","targetHints":{"allow":["GET"]}}],"collection":[{"href":"https:\/\/inizelle.de\/index.php?rest_route=\/wp\/v2\/pages"}],"about":[{"href":"https:\/\/inizelle.de\/index.php?rest_route=\/wp\/v2\/types\/page"}],"author":[{"embeddable":true,"href":"https:\/\/inizelle.de\/index.php?rest_route=\/wp\/v2\/users\/176"}],"replies":[{"embeddable":true,"href":"https:\/\/inizelle.de\/index.php?rest_route=%2Fwp%2Fv2%2Fcomments&post=7"}],"version-history":[{"count":5,"href":"https:\/\/inizelle.de\/index.php?rest_route=\/wp\/v2\/pages\/7\/revisions"}],"predecessor-version":[{"id":1744,"href":"https:\/\/inizelle.de\/index.php?rest_route=\/wp\/v2\/pages\/7\/revisions\/1744"}],"wp:attachment":[{"href":"https:\/\/inizelle.de\/index.php?rest_route=%2Fwp%2Fv2%2Fmedia&parent=7"}],"curies":[{"name":"wp","href":"https:\/\/api.w.org\/{rel}","templated":true}]}}